{"id":2,"date":"2022-10-25T15:13:39","date_gmt":"2022-10-25T13:13:39","guid":{"rendered":"https:\/\/www.toushar.com\/?page_id=2"},"modified":"2026-03-17T10:53:55","modified_gmt":"2026-03-17T09:53:55","slug":"main","status":"publish","type":"page","link":"https:\/\/www.toushar.com\/","title":{"rendered":""},"content":{"rendered":"\n<h6 class=\"wp-block-heading has-text-align-center wp-embed-aspect-4-3 wp-has-aspect-ratio\"><!-- Refresh CWT Social Icons Cache  --->\n\t\t<div class=\"catchwebtools-social social-brand-hover\">\n\t\t\t<a class=\"font-awesome fa fa-brands fa-facebook\" target=\"_blank\" title=\"facebook\" href=\"https:\/\/www.facebook.com\/toushar.band\"><span class=\"screen-reader-text\">https:\/\/www.facebook.com\/toushar.band<\/span> <\/a><a class=\"font-awesome fa fa-brands fa-mail\" target=\"_blank\" title=\"mail\" href=\"info@toushar.com\"><span class=\"screen-reader-text\">info@toushar.com<\/span> <\/a><a class=\"font-awesome fa fa-brands fa-youtube\" target=\"_blank\" title=\"youtube\" href=\"https:\/\/www.youtube.com\/channel\/UCj7heqUjc0S_KP46wvmvvCg\"><span class=\"screen-reader-text\">https:\/\/www.youtube.com\/channel\/UCj7heqUjc0S_KP46wvmvvCg<\/span> <\/a><a class=\"font-awesome fa fa-brands fa-instagram\" target=\"_blank\" title=\"instagram\" href=\"https:\/\/www.instagram.com\/toushar.band\/\"><span class=\"screen-reader-text\">https:\/\/www.instagram.com\/toushar.band\/<\/span> <\/a><a class=\"font-awesome fa fa-brands fa-spotify\" target=\"_blank\" title=\"spotify\" href=\"https:\/\/open.spotify.com\/artist\/35wyuEGdse0RGUMTbcqTNG?si=fgk5dVqFTsyo9T8UiKyThw\"><span class=\"screen-reader-text\">https:\/\/open.spotify.com\/artist\/35wyuEGdse0RGUMTbcqTNG?si=fgk5dVqFTsyo9T8UiKyThw<\/span> <\/a><a class=\"font-awesome fa fa-solid fa-cloud\" target=\"_blank\" title=\"cloud\" href=\"http:\/\/soundcloud.com\/toushar\"><span class=\"screen-reader-text\">http:\/\/soundcloud.com\/toushar<\/span> <\/a>\n\t\t<\/div><!-- .catchwebtools-social --><\/h6>\n\n\n\n<p class=\"has-text-align-center\">Having released 6 songs digitally TOUSHAR now comes forth with a first physical release \u2013 \u2018Season 1\u2019 featuring a previously unreleased track featuring local legend and vocalist BAZE, a moody song evoking thoughts of introspection and reflection.<\/p>\n\n\n\n<p class=\"has-text-align-center\">TOUSHAR, now settled as a four-piece band gathered live experience, having played shows and festivals such as the acclaimed \u2018Up In Smoke\u2019, have continued to write new material and are eager to hit stages all around in the time coming. Aiming for an immersive live experience with a unique blend of post metal, alternative rock and complementary electronic elements.<\/p>\n\n\n\n<p class=\"has-text-align-center\">There comes a time in a musician\u2019s career where one has to decide to produce material with a genre in mind or to reach down deep and explore a path that keeps one\u2019s attention in the long run. TOUSHAR doesn\u2019t shy away from using harmonic voice arrangements and indulge in catchy hooks paired with pum- meling riffs and abrasive vocals.<\/p>\n\n\n\n<figure class=\"wp-block-embed is-type-video is-provider-youtube wp-block-embed-youtube wp-embed-aspect-16-9 wp-has-aspect-ratio\"><div class=\"wp-block-embed__wrapper\">\n<iframe loading=\"lazy\" title=\"TOUSHAR &amp; BAZE - Loub (Official Music Video)\" width=\"920\" height=\"518\" src=\"https:\/\/www.youtube.com\/embed\/0cHgLIDjfO8?feature=oembed\" frameborder=\"0\" allow=\"accelerometer; autoplay; clipboard-write; encrypted-media; gyroscope; picture-in-picture; web-share\" referrerpolicy=\"strict-origin-when-cross-origin\" allowfullscreen><\/iframe>\n<\/div><figcaption class=\"wp-element-caption\"><a href=\"https:\/\/fanlink.tv\/toushar-baze-loub\" data-type=\"URL\" data-id=\"https:\/\/toushar.fanlink.to\/for-too-long\" target=\"_blank\" rel=\"noreferrer noopener\">Listen to &#8218;Loub&#8216; on all platforms here!<\/a><\/figcaption><\/figure>\n\n\n\n<p class=\"has-text-align-center wp-embed-aspect-4-3 wp-has-aspect-ratio\"><br>Next Shows:<br>Mar 26 2026 &#8211; Zurich, Safari Bar<br>Mar 28 2026 Leukerbad, Torrent \/w Hathors &amp; DasDampfwalzenwalfisch<br>May 23 2026 &#8211; Biel CH -Eldorado \/w Aim To The Sun<br><br>Last Shows:<\/p>\n\n\n\n<p class=\"has-text-align-center wp-embed-aspect-4-3 wp-has-aspect-ratio\">Mar 6 2026 &#8211; Sedel Luzern &#8211; \/w Bagage<br>Sep 20 2025 &#8211; Yeah! FEST, Bern , CH<br>Apr 3 2025 Roessli, Bern ,CH<br>Nov 23 2024 &#8211; MOKKA Thun \/w Preamp Disaster<br>Nov 22 2024 &#8211; Sedel LU \/w Preamp Disaster &amp; Huckleberry Kings<br>Nov 21 2024 &#8211; Xtra ZH \/w Preamp Disaster <br>Okt 25 2024 &#8211; Kofmehl SO \/w Kala Azar<br><br><\/p>\n\n\n<div class=\"wp-block-image\">\n<figure class=\"aligncenter size-large\"><img loading=\"lazy\" decoding=\"async\" width=\"724\" height=\"1024\" src=\"https:\/\/www.toushar.com\/wp-content\/uploads\/2026\/03\/image-724x1024.png\" alt=\"\" class=\"wp-image-314\" srcset=\"https:\/\/www.toushar.com\/wp-content\/uploads\/2026\/03\/image-724x1024.png 724w, https:\/\/www.toushar.com\/wp-content\/uploads\/2026\/03\/image-283x400.png 283w, https:\/\/www.toushar.com\/wp-content\/uploads\/2026\/03\/image-768x1086.png 768w, https:\/\/www.toushar.com\/wp-content\/uploads\/2026\/03\/image-1087x1536.png 1087w, https:\/\/www.toushar.com\/wp-content\/uploads\/2026\/03\/image.png 1240w\" sizes=\"auto, (max-width: 724px) 100vw, 724px\" \/><\/figure>\n<\/div>\n\n<div class=\"wp-block-image\">\n<figure class=\"aligncenter size-large\"><img loading=\"lazy\" decoding=\"async\" width=\"576\" height=\"1024\" src=\"https:\/\/www.toushar.com\/wp-content\/uploads\/2026\/03\/WhatsApp-Image-2026-02-12-at-14.06.11-576x1024.jpeg\" alt=\"\" class=\"wp-image-316\" srcset=\"https:\/\/www.toushar.com\/wp-content\/uploads\/2026\/03\/WhatsApp-Image-2026-02-12-at-14.06.11-576x1024.jpeg 576w, https:\/\/www.toushar.com\/wp-content\/uploads\/2026\/03\/WhatsApp-Image-2026-02-12-at-14.06.11-225x400.jpeg 225w, https:\/\/www.toushar.com\/wp-content\/uploads\/2026\/03\/WhatsApp-Image-2026-02-12-at-14.06.11-768x1365.jpeg 768w, https:\/\/www.toushar.com\/wp-content\/uploads\/2026\/03\/WhatsApp-Image-2026-02-12-at-14.06.11-864x1536.jpeg 864w, https:\/\/www.toushar.com\/wp-content\/uploads\/2026\/03\/WhatsApp-Image-2026-02-12-at-14.06.11.jpeg 900w\" sizes=\"auto, (max-width: 576px) 100vw, 576px\" \/><\/figure>\n<\/div>\n\n\n<p class=\"has-text-align-center wp-embed-aspect-4-3 wp-has-aspect-ratio\"><br><br><br><a href=\"https:\/\/toushar.bandcamp.com\/\" target=\"_blank\" rel=\"noreferrer noopener\"><strong>Follow us on Bandcamp for merch and releases!<\/strong><\/a><br><\/p>\n\n\n<p><iframe loading=\"lazy\" width=\"540\" height=\"650\" src=\"https:\/\/1c31bd66.sibforms.com\/serve\/MUIEAE9A-hdW_lfCVctKa28ytRpDV56vXiUQRVSyEDsVXFm5O16x5XX6wvohmfGHPkKEJzbdkil6Z6cRYAyXUghavnDt25R2QxTxr9QY1exu4HjHdw9UlyBUNKbXtnTVMOcabUIugLVjkiFeBSRPPFfEEyW7_9qj3zZdRYB-727qud9c8U4GQXRMZQxx91pRjrOcXlyghvmTE7rE\" frameborder=\"0\" scrolling=\"auto\" allowfullscreen=\"\" style=\"display: block;margin-left: auto;margin-right: auto;max-width: 100%;\"><\/iframe><\/p>\n\n\n\n<div class=\"wp-block-group\"><div class=\"wp-block-group__inner-container is-layout-constrained wp-block-group-is-layout-constrained\">\n<div class=\"wp-block-columns are-vertically-aligned-center has-normal-font-size is-layout-flex wp-container-core-columns-is-layout-9d6595d7 wp-block-columns-is-layout-flex\">\n<div class=\"wp-block-column is-vertically-aligned-center is-layout-flow wp-block-column-is-layout-flow\" style=\"flex-basis:100%\">\n<figure class=\"wp-block-embed is-type-rich is-provider-spotify wp-block-embed-spotify wp-embed-aspect-21-9 wp-has-aspect-ratio\"><div class=\"wp-block-embed__wrapper\">\n<iframe title=\"Spotify Embed: TOUSHAR - Season I\" style=\"border-radius: 12px\" width=\"100%\" height=\"352\" frameborder=\"0\" allowfullscreen allow=\"autoplay; clipboard-write; encrypted-media; fullscreen; picture-in-picture\" loading=\"lazy\" src=\"https:\/\/open.spotify.com\/embed\/playlist\/55qYqH67iHpB9U8Y0jDPQ5?si=c9afeb914093443a&amp;utm_source=oembed\"><\/iframe>\n<\/div><\/figure>\n<\/div>\n\n\n\n<div class=\"wp-block-column is-layout-flow wp-block-column-is-layout-flow\" style=\"flex-basis:100%\">\n<figure class=\"wp-block-image size-large\"><a href=\"https:\/\/tidal.com\/browse\/artist\/32548296\"><img loading=\"lazy\" decoding=\"async\" width=\"1024\" height=\"636\" src=\"https:\/\/www.toushar.com\/wp-content\/uploads\/2022\/11\/Toushar_3500_grey-tidal-1-1024x636.jpg\" alt=\"\" class=\"wp-image-233\" srcset=\"https:\/\/www.toushar.com\/wp-content\/uploads\/2022\/11\/Toushar_3500_grey-tidal-1-1024x636.jpg 1024w, https:\/\/www.toushar.com\/wp-content\/uploads\/2022\/11\/Toushar_3500_grey-tidal-1-400x248.jpg 400w, https:\/\/www.toushar.com\/wp-content\/uploads\/2022\/11\/Toushar_3500_grey-tidal-1-768x477.jpg 768w, https:\/\/www.toushar.com\/wp-content\/uploads\/2022\/11\/Toushar_3500_grey-tidal-1-1536x953.jpg 1536w, https:\/\/www.toushar.com\/wp-content\/uploads\/2022\/11\/Toushar_3500_grey-tidal-1-2048x1271.jpg 2048w\" sizes=\"auto, (max-width: 1024px) 100vw, 1024px\" \/><\/a><\/figure>\n<\/div>\n<\/div>\n<\/div><\/div>\n\n\n\n<figure class=\"wp-block-embed aligncenter is-type-rich is-provider-soundcloud wp-block-embed-soundcloud wp-embed-aspect-4-3 wp-has-aspect-ratio\"><div class=\"wp-block-embed__wrapper\">\n<iframe loading=\"lazy\" title=\"Season 1 by TOUSHAR\" width=\"920\" height=\"450\" scrolling=\"no\" frameborder=\"no\" src=\"https:\/\/w.soundcloud.com\/player\/?visual=true&#038;url=https%3A%2F%2Fapi.soundcloud.com%2Fplaylists%2F1526769163&#038;show_artwork=true&#038;maxheight=1000&#038;maxwidth=920\"><\/iframe>\n<\/div><\/figure>\n\n\n\n<p class=\"has-text-align-center\">Danceable, energetic and captivating, TOUSHAR\u2018s music is ideal for stages in sweaty clubs. The songs have a huge dynamic range grabbing you right from the start and takes you on a wild journey to their ecstatic finale \u2013 sophisticated, sometimes wild, but always in flux. The mood is always somewhere between over the moon and down in the dumps, like a well-writ- ten episode of a dark TV series. TOUSHAR also blends in their own influences of rock and metal music from their youth with modern contemporary trends to create a unique, powerful and driving sound. The polyphonic vocals and pop-influenced arrangements make TOUSHAR\u2019s music accessible to a broad audience beyond the saturated niches.<\/p>\n\n\n\n<p class=\"has-text-align-center\">Remo H\u00e4berli &#8211; Guit, Vox, Samples<br>Philipp Th\u00f6ni &#8211; Bass, Vox<br>Nicola Graber &#8211; Guit, Backing Vox<br>Remo R\u00f6schli &#8211; Drums<br><\/p>\n\n\n\n<figure class=\"wp-block-embed is-type-video is-provider-youtube wp-block-embed-youtube wp-embed-aspect-16-9 wp-has-aspect-ratio\"><div class=\"wp-block-embed__wrapper\">\n<iframe loading=\"lazy\" title=\"TOUSHAR - For Too Long (Official Mood Video)\" width=\"920\" height=\"518\" src=\"https:\/\/www.youtube.com\/embed\/ylpQMnTTwEU?feature=oembed\" frameborder=\"0\" allow=\"accelerometer; autoplay; clipboard-write; encrypted-media; gyroscope; picture-in-picture; web-share\" referrerpolicy=\"strict-origin-when-cross-origin\" allowfullscreen><\/iframe>\n<\/div><figcaption class=\"wp-element-caption\"><a href=\"https:\/\/toushar.fanlink.tv\/for-too-long\" data-type=\"URL\" data-id=\"https:\/\/toushar.fanlink.to\/for-too-long\" target=\"_blank\" rel=\"noreferrer noopener\">Listen to &#8218;For Too Long&#8216; on all platforms here!<\/a><\/figcaption><\/figure>\n\n\n\n<figure class=\"wp-block-embed is-type-video is-provider-youtube wp-block-embed-youtube wp-embed-aspect-16-9 wp-has-aspect-ratio\"><div class=\"wp-block-embed__wrapper\">\n<iframe loading=\"lazy\" title=\"TOUSHAR - Cocoon (Official Mood Video)\" width=\"920\" height=\"518\" src=\"https:\/\/www.youtube.com\/embed\/1S3PxBriRIo?feature=oembed\" frameborder=\"0\" allow=\"accelerometer; autoplay; clipboard-write; encrypted-media; gyroscope; picture-in-picture; web-share\" referrerpolicy=\"strict-origin-when-cross-origin\" allowfullscreen><\/iframe>\n<\/div><figcaption class=\"wp-element-caption\"><a href=\"https:\/\/toushar.fanlink.tv\/cocoon\" data-type=\"URL\" data-id=\"https:\/\/toushar.fanlink.to\/cocoon\" target=\"_blank\" rel=\"noreferrer noopener\">Listen to &#8218;Cocoon&#8216; on all platforms here!<\/a><\/figcaption><\/figure>\n\n\n\n<figure class=\"wp-block-embed is-type-video is-provider-youtube wp-block-embed-youtube wp-embed-aspect-16-9 wp-has-aspect-ratio\"><div class=\"wp-block-embed__wrapper\">\n<iframe loading=\"lazy\" title=\"TOUSHAR - Solanum (Offcial Mood Video)\" width=\"920\" height=\"518\" src=\"https:\/\/www.youtube.com\/embed\/6YQIU94I2Tk?feature=oembed\" frameborder=\"0\" allow=\"accelerometer; autoplay; clipboard-write; encrypted-media; gyroscope; picture-in-picture; web-share\" referrerpolicy=\"strict-origin-when-cross-origin\" allowfullscreen><\/iframe>\n<\/div><figcaption class=\"wp-element-caption\"><a href=\"https:\/\/toushar.fanlink.tv\/solanum\" data-type=\"URL\" data-id=\"https:\/\/toushar.fanlink.to\/solanum\" target=\"_blank\" rel=\"noreferrer noopener\">Listen to &#8218;Solanum&#8216; on all platforms here!<\/a><\/figcaption><\/figure>\n\n\n\n<figure class=\"wp-block-embed is-type-video is-provider-youtube wp-block-embed-youtube wp-embed-aspect-16-9 wp-has-aspect-ratio\"><div class=\"wp-block-embed__wrapper\">\n<iframe loading=\"lazy\" title=\"TOUSHAR - Bipolaris (Official Mood Video)\" width=\"920\" height=\"518\" src=\"https:\/\/www.youtube.com\/embed\/dnnBpSwZ9Us?feature=oembed\" frameborder=\"0\" allow=\"accelerometer; autoplay; clipboard-write; encrypted-media; gyroscope; picture-in-picture; web-share\" referrerpolicy=\"strict-origin-when-cross-origin\" allowfullscreen><\/iframe>\n<\/div><figcaption class=\"wp-element-caption\"><a href=\"http:\/\/toushar.fanlink.tv\/bipolaris\">Listen to Bipolaris on all platforms here!<\/a><\/figcaption><\/figure>\n\n\n\n<figure class=\"wp-block-embed is-type-video is-provider-youtube wp-block-embed-youtube wp-embed-aspect-16-9 wp-has-aspect-ratio\"><div class=\"wp-block-embed__wrapper\">\n<iframe loading=\"lazy\" title=\"TOUSHAR - Inverted Sun (Official Mood Video)\" width=\"920\" height=\"518\" src=\"https:\/\/www.youtube.com\/embed\/9qXEyhJpTog?feature=oembed\" frameborder=\"0\" allow=\"accelerometer; autoplay; clipboard-write; encrypted-media; gyroscope; picture-in-picture; web-share\" referrerpolicy=\"strict-origin-when-cross-origin\" allowfullscreen><\/iframe>\n<\/div><figcaption class=\"wp-element-caption\"><a href=\"http:\/\/toushar.fanlink.tv\/invertedsun\">Listen to Inverted Sun on all plattforms here!<\/a><\/figcaption><\/figure>\n\n\n\n<figure class=\"wp-block-embed is-type-video is-provider-youtube wp-block-embed-youtube wp-embed-aspect-16-9 wp-has-aspect-ratio\"><div class=\"wp-block-embed__wrapper\">\n<iframe loading=\"lazy\" title=\"TOUSHAR - Yarn Of Time (Official Mood Video)\" width=\"920\" height=\"518\" src=\"https:\/\/www.youtube.com\/embed\/DO8Uzk5RTx8?feature=oembed\" frameborder=\"0\" allow=\"accelerometer; autoplay; clipboard-write; encrypted-media; gyroscope; picture-in-picture; web-share\" referrerpolicy=\"strict-origin-when-cross-origin\" allowfullscreen><\/iframe>\n<\/div><figcaption class=\"wp-element-caption\"><a href=\"http:\/\/toushar.fanlink.tv\/yarnoftime\">Listen to Yarn Of Time on all platforms here!<\/a><\/figcaption><\/figure>\n\n\n<div class=\"wp-block-image\">\n<figure class=\"aligncenter size-large\"><img loading=\"lazy\" decoding=\"async\" width=\"725\" height=\"1024\" src=\"https:\/\/www.toushar.com\/wp-content\/uploads\/2025\/09\/toushar_pd_roessli_poster_v2-725x1024.jpg\" alt=\"\" class=\"wp-image-305\" srcset=\"https:\/\/www.toushar.com\/wp-content\/uploads\/2025\/09\/toushar_pd_roessli_poster_v2-725x1024.jpg 725w, https:\/\/www.toushar.com\/wp-content\/uploads\/2025\/09\/toushar_pd_roessli_poster_v2-283x400.jpg 283w, https:\/\/www.toushar.com\/wp-content\/uploads\/2025\/09\/toushar_pd_roessli_poster_v2-768x1085.jpg 768w, https:\/\/www.toushar.com\/wp-content\/uploads\/2025\/09\/toushar_pd_roessli_poster_v2-1087x1536.jpg 1087w, https:\/\/www.toushar.com\/wp-content\/uploads\/2025\/09\/toushar_pd_roessli_poster_v2.jpg 1123w\" sizes=\"auto, (max-width: 725px) 100vw, 725px\" \/><\/figure>\n<\/div>\n\n<div class=\"wp-block-image\">\n<figure class=\"aligncenter size-large\"><img loading=\"lazy\" decoding=\"async\" width=\"576\" height=\"1024\" src=\"https:\/\/www.toushar.com\/wp-content\/uploads\/2025\/09\/pd_toush_nov24_1080x1920_v1-576x1024.png\" alt=\"\" class=\"wp-image-307\" srcset=\"https:\/\/www.toushar.com\/wp-content\/uploads\/2025\/09\/pd_toush_nov24_1080x1920_v1-576x1024.png 576w, https:\/\/www.toushar.com\/wp-content\/uploads\/2025\/09\/pd_toush_nov24_1080x1920_v1-225x400.png 225w, https:\/\/www.toushar.com\/wp-content\/uploads\/2025\/09\/pd_toush_nov24_1080x1920_v1-768x1365.png 768w, https:\/\/www.toushar.com\/wp-content\/uploads\/2025\/09\/pd_toush_nov24_1080x1920_v1-864x1536.png 864w, https:\/\/www.toushar.com\/wp-content\/uploads\/2025\/09\/pd_toush_nov24_1080x1920_v1.png 1080w\" sizes=\"auto, (max-width: 576px) 100vw, 576px\" \/><\/figure>\n<\/div>\n\n\n<p><\/p>\n\n\n<div class=\"wp-block-image\">\n<figure class=\"aligncenter size-large\"><img loading=\"lazy\" decoding=\"async\" width=\"820\" height=\"1024\" src=\"https:\/\/www.toushar.com\/wp-content\/uploads\/2025\/09\/Bildschirmfoto-2025-09-01-um-00.19.06-820x1024.png\" alt=\"\" class=\"wp-image-285\" srcset=\"https:\/\/www.toushar.com\/wp-content\/uploads\/2025\/09\/Bildschirmfoto-2025-09-01-um-00.19.06-820x1024.png 820w, https:\/\/www.toushar.com\/wp-content\/uploads\/2025\/09\/Bildschirmfoto-2025-09-01-um-00.19.06-320x400.png 320w, https:\/\/www.toushar.com\/wp-content\/uploads\/2025\/09\/Bildschirmfoto-2025-09-01-um-00.19.06-768x959.png 768w, https:\/\/www.toushar.com\/wp-content\/uploads\/2025\/09\/Bildschirmfoto-2025-09-01-um-00.19.06.png 1156w\" sizes=\"auto, (max-width: 820px) 100vw, 820px\" \/><\/figure>\n<\/div>","protected":false},"excerpt":{"rendered":"<p>Having released 6 songs digitally TOUSHAR now comes forth with<\/p>\n<p class=\"more-link\"><a class=\"button\" href=\"https:\/\/www.toushar.com\/\" class=\"readmore\">Continue reading<span class=\"screen-reader-text\"><\/span><\/a><\/p>\n","protected":false},"author":1,"featured_media":0,"parent":0,"menu_order":0,"comment_status":"closed","ping_status":"closed","template":"templates\/no-sidebar.php","meta":{"footnotes":""},"class_list":["post-2","page","type-page","status-publish","hentry"],"_links":{"self":[{"href":"https:\/\/www.toushar.com\/index.php\/wp-json\/wp\/v2\/pages\/2","targetHints":{"allow":["GET"]}}],"collection":[{"href":"https:\/\/www.toushar.com\/index.php\/wp-json\/wp\/v2\/pages"}],"about":[{"href":"https:\/\/www.toushar.com\/index.php\/wp-json\/wp\/v2\/types\/page"}],"author":[{"embeddable":true,"href":"https:\/\/www.toushar.com\/index.php\/wp-json\/wp\/v2\/users\/1"}],"replies":[{"embeddable":true,"href":"https:\/\/www.toushar.com\/index.php\/wp-json\/wp\/v2\/comments?post=2"}],"version-history":[{"count":86,"href":"https:\/\/www.toushar.com\/index.php\/wp-json\/wp\/v2\/pages\/2\/revisions"}],"predecessor-version":[{"id":320,"href":"https:\/\/www.toushar.com\/index.php\/wp-json\/wp\/v2\/pages\/2\/revisions\/320"}],"wp:attachment":[{"href":"https:\/\/www.toushar.com\/index.php\/wp-json\/wp\/v2\/media?parent=2"}],"curies":[{"name":"wp","href":"https:\/\/api.w.org\/{rel}","templated":true}]}}